{"id":8,"date":"2012-07-06T19:08:24","date_gmt":"2012-07-06T19:08:24","guid":{"rendered":"http:\/\/vsweikendorf.ac.at\/wordpress\/?page_id=8"},"modified":"2025-11-17T12:13:56","modified_gmt":"2025-11-17T10:13:56","slug":"elternverein","status":"publish","type":"page","link":"https:\/\/vsweikendorf.ac.at\/wordpress\/elternverein\/","title":{"rendered":"Elternverein"},"content":{"rendered":"\t\t<div data-elementor-type=\"wp-page\" data-elementor-id=\"8\" class=\"elementor elementor-8\">\n\t\t\t\t\t\t<section class=\"elementor-section elementor-top-section elementor-element elementor-element-21a5b6a8 elementor-section-boxed elementor-section-height-default elementor-section-height-default\" data-id=\"21a5b6a8\" data-element_type=\"section\" data-e-type=\"section\">\n\t\t\t\t\t\t<div class=\"elementor-container elementor-column-gap-default\">\n\t\t\t\t\t<div class=\"elementor-column elementor-col-100 elementor-top-column elementor-element elementor-element-4335004b\" data-id=\"4335004b\" data-element_type=\"column\" data-e-type=\"column\">\n\t\t\t<div class=\"elementor-widget-wrap elementor-element-populated\">\n\t\t\t\t\t\t<div class=\"elementor-element elementor-element-6b01ae53 elementor-widget elementor-widget-text-editor\" data-id=\"6b01ae53\" data-element_type=\"widget\" data-e-type=\"widget\" data-widget_type=\"text-editor.default\">\n\t\t\t\t<div class=\"elementor-widget-container\">\n\t\t\t\t\t\t\t\t\t<p><\/p>\n<p><span style=\"color: var( --e-global-color-text ); font-family: var( --e-global-typography-text-font-family ), Sans-serif; font-weight: var( --e-global-typography-text-font-weight ); font-size: 1rem;\"><a href=\"https:\/\/vsweikendorf.ac.at\/wordpress\/wp-content\/uploads\/2022\/10\/Was-wir-tun-SJ2223.docx\">Was wir tun! SJ22,23<\/a><\/span><\/p>\n<p><span style=\"color: var( --e-global-color-text ); font-family: var( --e-global-typography-text-font-family ), Sans-serif; font-weight: var( --e-global-typography-text-font-weight ); font-size: 1rem;\">Der Elternverein hat die Aufgabe, die Interessen der Vereinsmitglieder an der Unterrichts- und Erziehungsarbeit der Schule zu vertreten und die notwendige Zusammenarbeit von Elternhaus und Schule zu unterst\u00fctzen.<\/span><\/p>\n<p><\/p>\n<p><\/p>\n<p>Diese Aufgabe soll unter anderem erreicht werden durch<\/p>\n<p><\/p>\n<ul class=\"wp-block-list\">\n<li>Vortrag von Vorschl\u00e4gen, W\u00fcnschen und Beschwerden \u00fcber die Unterrichts- und Erziehungsarbeit der Schule<\/li>\n<li>Abhaltung von Zusammentreffen der Vereinsmitglieder mit der Schule zur gemeinsamen Beratung von Fragen,<\/li>\n<li>Abhaltung von Vortr\u00e4gen<\/li>\n<li>Unterst\u00fctzung bei der Veranstaltungen von Sch\u00fclerauff\u00fchrungen, Sportveranstaltungen und \u00e4hnlichem, unter Beachtung der gesetzlichen Vorschriften (schulbeh\u00f6rdliche Bewilligung)<\/li>\n<li>Ausgestaltung der f\u00fcr Unterrichts- und Erziehungszwecke verf\u00fcgbaren Einrichtungen der Schule im Einvernehmen mit dem Schulleiter und den Lehrern und erforderlichenfalls mit der zust\u00e4ndigen Schulbeh\u00f6rde.<\/li>\n<\/ul>\n<p><\/p>\n<p>Mitglieder des Elternvereines k\u00f6nnen nur Erziehungsberechtigte der Kinder sein, welche die Schule besuchen.<\/p>\n<p><\/p>\n<p>Der Elternverein der Volksschule Weikendorf ist im zentralen Vereinsregister unter der ZVR-Zahl 397406968 gemeldet.<\/p>\n<p><\/p>\n<figure class=\"wp-block-table\"><\/figure>\n<p><\/p>\t\t\t\t\t\t\t\t<\/div>\n\t\t\t\t<\/div>\n\t\t\t\t<div class=\"elementor-element elementor-element-09cd04c elementor-widget elementor-widget-button\" data-id=\"09cd04c\" data-element_type=\"widget\" data-e-type=\"widget\" data-widget_type=\"button.default\">\n\t\t\t\t<div class=\"elementor-widget-container\">\n\t\t\t\t\t\t\t\t\t<div class=\"elementor-button-wrapper\">\n\t\t\t\t\t<a class=\"elementor-button elementor-button-link elementor-size-sm\" href=\"http:\/\/zvr.bmi.gv.at\/Start\">\n\t\t\t\t\t\t<span class=\"elementor-button-content-wrapper\">\n\t\t\t\t\t\t\t\t\t<span class=\"elementor-button-text\">Hier gehts zum Vereinsregister<\/span>\n\t\t\t\t\t<\/span>\n\t\t\t\t\t<\/a>\n\t\t\t\t<\/div>\n\t\t\t\t\t\t\t\t<\/div>\n\t\t\t\t<\/div>\n\t\t\t\t\t<\/div>\n\t\t<\/div>\n\t\t\t\t\t<\/div>\n\t\t<\/section>\n\t\t\t\t<section class=\"elementor-section elementor-top-section elementor-element elementor-element-3eb46a1 elementor-section-boxed elementor-section-height-default elementor-section-height-default\" data-id=\"3eb46a1\" data-element_type=\"section\" data-e-type=\"section\">\n\t\t\t\t\t\t<div class=\"elementor-container elementor-column-gap-default\">\n\t\t\t\t\t<div class=\"elementor-column elementor-col-100 elementor-top-column elementor-element elementor-element-a54b67e\" data-id=\"a54b67e\" data-element_type=\"column\" data-e-type=\"column\">\n\t\t\t<div class=\"elementor-widget-wrap elementor-element-populated\">\n\t\t\t\t\t\t<div class=\"elementor-element elementor-element-a564999 elementor-widget elementor-widget-text-editor\" data-id=\"a564999\" data-element_type=\"widget\" data-e-type=\"widget\" data-widget_type=\"text-editor.default\">\n\t\t\t\t<div class=\"elementor-widget-container\">\n\t\t\t\t\t\t\t\t\t<h2>Vorstand:<\/h2>\n<p><!-- \/wp:heading --><!-- wp:table --><\/p>\n<figure class=\"wp-block-table\">\n<table>\n<tbody>\n<tr>\n<td>Obmann<\/td>\n<td>Wolfgang J\u00e4ger<\/td>\n<\/tr>\n<tr>\n<td>Obmann-Stellvertreter:<\/td>\n<td>Andreas Dietm\u00fcller<\/td>\n<\/tr>\n<tr>\n<td>Kassierin:<\/td>\n<td>Sandra Dietm\u00fcller<\/td>\n<\/tr>\n<tr>\n<td>Kassierin-Stellvertreterin:<\/td>\n<td>Sabrina Schifer<\/td>\n<\/tr>\n<tr>\n<td>Schriftf\u00fchrer:<\/td>\n<td>Cornelia Windisch<\/td>\n<\/tr>\n<tr>\n<td>Schriftf\u00fchrer-Stellvertreterin:<\/td>\n<td>Elisabeth Bauer<\/td>\n<\/tr>\n<tr>\n<td>Rechnungspr\u00fcferin:<\/td>\n<td>Karina Pr\u00fcnster<\/td>\n<\/tr>\n<\/tbody>\n<\/table>\n<\/figure>\t\t\t\t\t\t\t\t<\/div>\n\t\t\t\t<\/div>\n\t\t\t\t\t<\/div>\n\t\t<\/div>\n\t\t\t\t\t<\/div>\n\t\t<\/section>\n\t\t\t\t<\/div>\n\t\t","protected":false},"excerpt":{"rendered":"<p>Was wir tun! SJ22,23 Der Elternverein hat die Aufgabe, die Interessen der Vereinsmitglieder an der Unterrichts- und Erziehungsarbeit der Schule zu vertreten und die notwendige Zusammenarbeit von Elternhaus und Schule zu unterst\u00fctzen. Diese Aufgabe soll unter anderem erreicht werden durch Vortrag von Vorschl\u00e4gen, W\u00fcnschen und Beschwerden \u00fcber die Unterrichts- und Erziehungsarbeit der Schule Abhaltung von&#8230;<\/p>\n","protected":false},"author":2,"featured_media":3415,"parent":0,"menu_order":0,"comment_status":"closed","ping_status":"open","template":"","meta":{"footnotes":""},"class_list":["post-8","page","type-page","status-publish","has-post-thumbnail","hentry"],"_links":{"self":[{"href":"https:\/\/vsweikendorf.ac.at\/wordpress\/wp-json\/wp\/v2\/pages\/8","targetHints":{"allow":["GET"]}}],"collection":[{"href":"https:\/\/vsweikendorf.ac.at\/wordpress\/wp-json\/wp\/v2\/pages"}],"about":[{"href":"https:\/\/vsweikendorf.ac.at\/wordpress\/wp-json\/wp\/v2\/types\/page"}],"author":[{"embeddable":true,"href":"https:\/\/vsweikendorf.ac.at\/wordpress\/wp-json\/wp\/v2\/users\/2"}],"replies":[{"embeddable":true,"href":"https:\/\/vsweikendorf.ac.at\/wordpress\/wp-json\/wp\/v2\/comments?post=8"}],"version-history":[{"count":51,"href":"https:\/\/vsweikendorf.ac.at\/wordpress\/wp-json\/wp\/v2\/pages\/8\/revisions"}],"predecessor-version":[{"id":6551,"href":"https:\/\/vsweikendorf.ac.at\/wordpress\/wp-json\/wp\/v2\/pages\/8\/revisions\/6551"}],"wp:featuredmedia":[{"embeddable":true,"href":"https:\/\/vsweikendorf.ac.at\/wordpress\/wp-json\/wp\/v2\/media\/3415"}],"wp:attachment":[{"href":"https:\/\/vsweikendorf.ac.at\/wordpress\/wp-json\/wp\/v2\/media?parent=8"}],"curies":[{"name":"wp","href":"https:\/\/api.w.org\/{rel}","templated":true}]}}