{"id":41,"date":"2012-07-08T10:24:23","date_gmt":"2012-07-08T10:24:23","guid":{"rendered":"http:\/\/vsweikendorf.ac.at\/wordpress\/?page_id=41"},"modified":"2020-05-13T13:18:59","modified_gmt":"2020-05-13T11:18:59","slug":"impressum","status":"publish","type":"page","link":"https:\/\/vsweikendorf.ac.at\/wordpress\/impressum\/","title":{"rendered":"Impressum"},"content":{"rendered":"<p><strong>Adresse<\/strong>:<br \/>\nVolksschule Weikendorf<br \/>\nFranz Maier Weg 5<br \/>\n2253 Weikendorf<\/p>\n<p><strong>Telefon &amp;\u00a0Fax<\/strong>:<br \/>\n02282\/36 55<\/p>\n<p><strong>Mail<\/strong>:<br \/>\n<a href=\"mailto:vs.weikendorf@noeschule.at\">vs.weikendorf@noeschule.at<\/a><\/p>\n<p><strong>Copyright<\/strong><br \/>\nDie Speicherung in Datenbanken, Vervielf\u00e4ltigung und jede Form von gewerblicher Nutzung sowie die Weitergabe an Dritte &#8211; auch in Teilen oder in \u00fcberarbeiteter Form &#8211; ohne Zustimmung der jeweiligen Organisation ist untersagt. Jede Einbindung einzelner Seiten unseres Angebotes in fremde Frames ist zu unterlassen.<\/p>\n<p><strong>Bildnachweis<\/strong><br \/>\nS\u00e4mtliche Bilder:\u00a0Volksschule Weikendorf<\/p>\n<p><strong>Datenschutz<\/strong><br \/>\nIhre pers\u00f6nlichen Daten werden selbstverst\u00e4ndlich vertraulich behandelt und nicht an Dritte weitergegeben.<\/p>\n<p><strong>Haftung f\u00fcr Links\u00a0<\/strong><br \/>\nTrotz sorgf\u00e4ltiger inhaltlicher Kontrolle \u00fcbernehmen wir keine Haftung f\u00fcr die Inhalte externer Links. F\u00fcr den Inhalt der verlinkten Seiten sind ausschlie\u00dflich deren Betreiber verantwortlich.<br \/>\nS\u00e4mtliche dargestellten Informationen verstehen sich vorbehaltlich m\u00f6glicher \u00c4nderungen. S\u00e4mtliche der angegebenen Preise in EUR, Preis\u00e4nderungen sowie Fehler in der Preis- und Saison- bzw. Pauschalzeitangabe vorbehalten.<\/p>\n<p><strong>Design und technische Umsetzung<\/strong>:<br \/>\nVS Weikendorf<\/p>\n","protected":false},"excerpt":{"rendered":"<p>Adresse: Volksschule Weikendorf Franz Maier Weg 5 2253 Weikendorf Telefon &amp;\u00a0Fax: 02282\/36 55 Mail: vs.weikendorf@noeschule.at Copyright Die Speicherung in Datenbanken, Vervielf\u00e4ltigung und jede Form von gewerblicher Nutzung sowie die Weitergabe an Dritte &#8211; auch in Teilen oder in \u00fcberarbeiteter Form &#8211; ohne Zustimmung der jeweiligen Organisation ist untersagt. Jede Einbindung einzelner Seiten unseres Angebotes in&#8230;<\/p>\n","protected":false},"author":2,"featured_media":0,"parent":0,"menu_order":0,"comment_status":"closed","ping_status":"closed","template":"","meta":{"footnotes":""},"class_list":["post-41","page","type-page","status-publish","hentry"],"_links":{"self":[{"href":"https:\/\/vsweikendorf.ac.at\/wordpress\/wp-json\/wp\/v2\/pages\/41","targetHints":{"allow":["GET"]}}],"collection":[{"href":"https:\/\/vsweikendorf.ac.at\/wordpress\/wp-json\/wp\/v2\/pages"}],"about":[{"href":"https:\/\/vsweikendorf.ac.at\/wordpress\/wp-json\/wp\/v2\/types\/page"}],"author":[{"embeddable":true,"href":"https:\/\/vsweikendorf.ac.at\/wordpress\/wp-json\/wp\/v2\/users\/2"}],"replies":[{"embeddable":true,"href":"https:\/\/vsweikendorf.ac.at\/wordpress\/wp-json\/wp\/v2\/comments?post=41"}],"version-history":[{"count":2,"href":"https:\/\/vsweikendorf.ac.at\/wordpress\/wp-json\/wp\/v2\/pages\/41\/revisions"}],"predecessor-version":[{"id":3617,"href":"https:\/\/vsweikendorf.ac.at\/wordpress\/wp-json\/wp\/v2\/pages\/41\/revisions\/3617"}],"wp:attachment":[{"href":"https:\/\/vsweikendorf.ac.at\/wordpress\/wp-json\/wp\/v2\/media?parent=41"}],"curies":[{"name":"wp","href":"https:\/\/api.w.org\/{rel}","templated":true}]}}